{"id":2179,"date":"2024-12-15T18:33:50","date_gmt":"2024-12-15T18:33:50","guid":{"rendered":"https:\/\/solarconnectafrica.com\/?page_id=2179"},"modified":"2025-08-17T16:49:20","modified_gmt":"2025-08-17T16:49:20","slug":"devenir-un-partenaire","status":"publish","type":"page","link":"https:\/\/solarconnectafrica.com\/staging\/fr\/devenir-un-partenaire\/","title":{"rendered":"Devenir un partenaire"},"content":{"rendered":"\t\t<div data-elementor-type=\"wp-page\" data-elementor-id=\"2179\" class=\"elementor elementor-2179\">\n\t\t\t\t<div class=\"elementor-element elementor-element-3053d87 e-flex e-con-boxed e-con e-parent\" data-id=\"3053d87\" data-element_type=\"container\" data-settings=\"{&quot;background_background&quot;:&quot;classic&quot;}\">\n\t\t\t\t\t<div class=\"e-con-inner\">\n\t\t\t\t<div class=\"elementor-element elementor-element-0510c6f elementor-widget elementor-widget-image\" data-id=\"0510c6f\" data-element_type=\"widget\" data-widget_type=\"image.default\">\n\t\t\t\t<div class=\"elementor-widget-container\">\n\t\t\t\t\t\t\t\t\t\t\t\t\t\t\t<img fetchpriority=\"high\" decoding=\"async\" width=\"829\" height=\"301\" src=\"https:\/\/solarconnectafrica.com\/staging\/wp-content\/uploads\/2024\/12\/pic12-removebg-preview-1.png\" class=\"attachment-large size-large wp-image-2213\" alt=\"\" srcset=\"https:\/\/solarconnectafrica.com\/staging\/wp-content\/uploads\/2024\/12\/pic12-removebg-preview-1.png 829w, https:\/\/solarconnectafrica.com\/staging\/wp-content\/uploads\/2024\/12\/pic12-removebg-preview-1-300x109.png 300w, https:\/\/solarconnectafrica.com\/staging\/wp-content\/uploads\/2024\/12\/pic12-removebg-preview-1-768x279.png 768w\" sizes=\"(max-width: 829px) 100vw, 829px\" \/>\t\t\t\t\t\t\t\t\t\t\t\t\t\t\t<\/div>\n\t\t\t\t<\/div>\n\t\t\t\t\t<\/div>\n\t\t\t\t<\/div>\n\t\t<div class=\"elementor-element elementor-element-1267096 e-flex e-con-boxed e-con e-parent\" data-id=\"1267096\" data-element_type=\"container\">\n\t\t\t\t\t<div class=\"e-con-inner\">\n\t\t<div class=\"elementor-element elementor-element-0e75aec e-con-full e-flex e-con e-child\" data-id=\"0e75aec\" data-element_type=\"container\">\n\t\t\t\t<div class=\"elementor-element elementor-element-afe21e3 elementor-widget elementor-widget-text-editor\" data-id=\"afe21e3\" data-element_type=\"widget\" data-widget_type=\"text-editor.default\">\n\t\t\t\t<div class=\"elementor-widget-container\">\n\t\t\t\t\t\t\t\t\t<h2>Associez-vous \u00e0 <strong>Solar Connect Africa<\/strong> pour stimuler la<strong> croissance de votre entreprise<\/strong>, contribuer au <strong>d\u00e9veloppement durable<\/strong> et exploiter l\u2019un des march\u00e9s de l\u2019\u00e9nergie solaire et du stockage <strong>les plus prometteurs<\/strong> au monde.<\/h2>\t\t\t\t\t\t\t\t<\/div>\n\t\t\t\t<\/div>\n\t\t\t\t<div class=\"elementor-element elementor-element-bccd8c8 elementor-widget elementor-widget-text-editor\" data-id=\"bccd8c8\" data-element_type=\"widget\" data-widget_type=\"text-editor.default\">\n\t\t\t\t<div class=\"elementor-widget-container\">\n\t\t\t\t\t\t\t\t\t<p>Nous reconnaissons l&#8217;unicit\u00e9 de chaque entreprise et sommes pr\u00eats \u00e0 collaborer avec vous pour d\u00e9velopper un partenariat sur mesure, align\u00e9 sur vos objectifs commerciaux.<\/p>\t\t\t\t\t\t\t\t<\/div>\n\t\t\t\t<\/div>\n\t\t\t\t<div class=\"elementor-element elementor-element-f1437be elementor-widget elementor-widget-heading\" data-id=\"f1437be\" data-element_type=\"widget\" data-widget_type=\"heading.default\">\n\t\t\t\t<div class=\"elementor-widget-container\">\n\t\t\t\t\t<h6 class=\"elementor-heading-title elementor-size-default\">Kindly complete the form below, and we will get in touch to discuss the details of the partnership.<\/h6>\t\t\t\t<\/div>\n\t\t\t\t<\/div>\n\t\t\t\t<\/div>\n\t\t\t\t\t<\/div>\n\t\t\t\t<\/div>\n\t\t<div class=\"elementor-element elementor-element-7164ba0 e-flex e-con-boxed e-con e-parent\" data-id=\"7164ba0\" data-element_type=\"container\">\n\t\t\t\t\t<div class=\"e-con-inner\">\n\t\t<div class=\"elementor-element elementor-element-83f9ecc e-con-full e-flex e-con e-child\" data-id=\"83f9ecc\" data-element_type=\"container\">\n\t\t\t\t<div class=\"elementor-element elementor-element-08455e4 elementor-widget elementor-widget-shortcode\" data-id=\"08455e4\" data-element_type=\"widget\" data-widget_type=\"shortcode.default\">\n\t\t\t\t<div class=\"elementor-widget-container\">\n\t\t\t\t\t\t\t<div class=\"elementor-shortcode\"><div class=\"wpforms-container \" id=\"wpforms-2274\"><form id=\"wpforms-form-2274\" class=\"wpforms-validate wpforms-form wpforms-ajax-form\" data-formid=\"2274\" method=\"post\" enctype=\"multipart\/form-data\" action=\"\/staging\/wp-json\/wp\/v2\/pages\/2179\" data-token=\"a78f8f3711c49f44ff1998c41da0cceb\" data-token-time=\"1777626716\"><noscript class=\"wpforms-error-noscript\">Please enable JavaScript in your browser to complete this form.<\/noscript><div class=\"wpforms-field-container\"><div id=\"wpforms-2274-field_0-container\" class=\"wpforms-field wpforms-field-name\" data-field-id=\"0\"><label class=\"wpforms-field-label wpforms-label-hide\" for=\"wpforms-2274-field_0\">Votre nom <span class=\"wpforms-required-label\">*<\/span><\/label><input type=\"text\" id=\"wpforms-2274-field_0\" class=\"wpforms-field-large wpforms-field-required\" name=\"wpforms[fields][0]\" placeholder=\"Votre nom\" required><\/div><div id=\"wpforms-2274-field_7-container\" class=\"wpforms-field wpforms-field-name\" data-field-id=\"7\"><label class=\"wpforms-field-label wpforms-label-hide\" for=\"wpforms-2274-field_7\">Titre du poste <span class=\"wpforms-required-label\">*<\/span><\/label><input type=\"text\" id=\"wpforms-2274-field_7\" class=\"wpforms-field-large wpforms-field-required\" name=\"wpforms[fields][7]\" placeholder=\"Titre du poste\" required><\/div><div id=\"wpforms-2274-field_4-container\" class=\"wpforms-field wpforms-field-name\" data-field-id=\"4\"><label class=\"wpforms-field-label wpforms-label-hide\" for=\"wpforms-2274-field_4\">Votre entreprise <span class=\"wpforms-required-label\">*<\/span><\/label><input type=\"text\" id=\"wpforms-2274-field_4\" class=\"wpforms-field-large wpforms-field-required\" name=\"wpforms[fields][4]\" placeholder=\"Votre entreprise\" required><\/div>\t\t<div id=\"wpforms-2274-field_2-container\"\n\t\t\tclass=\"wpforms-field wpforms-field-text\"\n\t\t\tdata-field-type=\"text\"\n\t\t\tdata-field-id=\"2\"\n\t\t\t>\n\t\t\t<label class=\"wpforms-field-label\" for=\"wpforms-2274-field_2\" >du Titre entreprise<\/label>\n\t\t\t<input type=\"text\" id=\"wpforms-2274-field_2\" class=\"wpforms-field-medium\" name=\"wpforms[fields][2]\" >\n\t\t<\/div>\n\t\t<div id=\"wpforms-2274-field_1-container\" class=\"wpforms-field wpforms-field-email\" data-field-id=\"1\"><label class=\"wpforms-field-label wpforms-label-hide\" for=\"wpforms-2274-field_1\">Adresse email <span class=\"wpforms-required-label\">*<\/span><\/label><input type=\"email\" id=\"wpforms-2274-field_1\" class=\"wpforms-field-large wpforms-field-required\" name=\"wpforms[fields][1]\" placeholder=\"Votre email\" spellcheck=\"false\" required><\/div><div id=\"wpforms-2274-field_6-container\" class=\"wpforms-field wpforms-field-name\" data-field-id=\"6\"><label class=\"wpforms-field-label wpforms-label-hide\" for=\"wpforms-2274-field_6\">T\u00e9l\u00e9phone <span class=\"wpforms-required-label\">*<\/span><\/label><input type=\"text\" id=\"wpforms-2274-field_6\" class=\"wpforms-field-large wpforms-field-required\" name=\"wpforms[fields][6]\" placeholder=\"T\u00e9l\u00e9phone\" required><\/div><div id=\"wpforms-2274-field_8-container\" class=\"wpforms-field wpforms-field-textarea\" data-field-id=\"8\"><label class=\"wpforms-field-label wpforms-label-hide\" for=\"wpforms-2274-field_8\">Message<\/label><textarea id=\"wpforms-2274-field_8\" class=\"wpforms-field-medium\" name=\"wpforms[fields][8]\" placeholder=\"Message\" ><\/textarea><\/div><script>\n\t\t\t\t( function() {\n\t\t\t\t\tconst style = document.createElement( 'style' );\n\t\t\t\t\tstyle.appendChild( document.createTextNode( '#wpforms-2274-field_2-container { position: absolute !important; overflow: hidden !important; display: inline !important; height: 1px !important; width: 1px !important; z-index: -1000 !important; padding: 0 !important; } #wpforms-2274-field_2-container input { visibility: hidden; } #wpforms-conversational-form-page #wpforms-2274-field_2-container label { counter-increment: none; }' ) );\n\t\t\t\t\tdocument.head.appendChild( style );\n\t\t\t\t\tdocument.currentScript?.remove();\n\t\t\t\t} )();\n\t\t\t<\/script><\/div><!-- .wpforms-field-container --><div class=\"wpforms-recaptcha-container wpforms-is-recaptcha wpforms-is-recaptcha-type-v2\" ><div class=\"g-recaptcha\" data-sitekey=\"6Lf2JNoqAAAAAJpezlkmLo_gjprhlUFe8uS0xy4V\"><\/div><input type=\"text\" name=\"g-recaptcha-hidden\" class=\"wpforms-recaptcha-hidden\" style=\"position:absolute!important;clip:rect(0,0,0,0)!important;height:1px!important;width:1px!important;border:0!important;overflow:hidden!important;padding:0!important;margin:0!important;\" data-rule-recaptcha=\"1\"><\/div><div class=\"wpforms-submit-container\" ><input type=\"hidden\" name=\"wpforms[id]\" value=\"2274\"><input type=\"hidden\" name=\"page_title\" value=\"\"><input type=\"hidden\" name=\"page_url\" value=\"https:\/\/solarconnectafrica.com\/staging\/wp-json\/wp\/v2\/pages\/2179\"><input type=\"hidden\" name=\"url_referer\" value=\"\"><button type=\"submit\" name=\"wpforms[submit]\" id=\"wpforms-submit-2274\" class=\"wpforms-submit\" data-alt-text=\"envoi...\" data-submit-text=\"Enregistrer\" aria-live=\"assertive\" value=\"wpforms-submit\">Enregistrer<\/button><img decoding=\"async\" src=\"https:\/\/solarconnectafrica.com\/staging\/wp-content\/plugins\/wpforms-lite\/assets\/images\/submit-spin.svg\" class=\"wpforms-submit-spinner\" style=\"display: none;\" width=\"26\" height=\"26\" alt=\"Loading\"><\/div><\/form><\/div>  <!-- .wpforms-container --><\/div>\n\t\t\t\t\t\t<\/div>\n\t\t\t\t<\/div>\n\t\t\t\t<\/div>\n\t\t\t\t\t<\/div>\n\t\t\t\t<\/div>\n\t\t<div class=\"elementor-element elementor-element-2ed0d62 e-flex e-con-boxed e-con e-parent\" data-id=\"2ed0d62\" data-element_type=\"container\" data-settings=\"{&quot;background_background&quot;:&quot;classic&quot;}\">\n\t\t\t\t\t<div class=\"e-con-inner\">\n\t\t\t\t<div class=\"elementor-element elementor-element-eb5d73a elementor-widget elementor-widget-image\" data-id=\"eb5d73a\" data-element_type=\"widget\" data-widget_type=\"image.default\">\n\t\t\t\t<div class=\"elementor-widget-container\">\n\t\t\t\t\t\t\t\t\t\t\t\t\t\t\t<img decoding=\"async\" width=\"315\" height=\"4\" src=\"https:\/\/solarconnectafrica.com\/staging\/wp-content\/uploads\/2024\/12\/pic14-e1734484911649.png\" class=\"attachment-large size-large wp-image-2426\" alt=\"\" srcset=\"https:\/\/solarconnectafrica.com\/staging\/wp-content\/uploads\/2024\/12\/pic14-e1734484911649.png 315w, https:\/\/solarconnectafrica.com\/staging\/wp-content\/uploads\/2024\/12\/pic14-e1734484911649-300x4.png 300w\" sizes=\"(max-width: 315px) 100vw, 315px\" \/>\t\t\t\t\t\t\t\t\t\t\t\t\t\t\t<\/div>\n\t\t\t\t<\/div>\n\t\t\t\t\t<\/div>\n\t\t\t\t<\/div>\n\t\t<div class=\"elementor-element elementor-element-7856c1e e-flex e-con-boxed e-con e-parent\" data-id=\"7856c1e\" data-element_type=\"container\" data-settings=\"{&quot;background_background&quot;:&quot;classic&quot;}\">\n\t\t\t\t\t<div class=\"e-con-inner\">\n\t\t<div class=\"elementor-element elementor-element-ad5fc7c e-grid e-con-full e-con e-child\" data-id=\"ad5fc7c\" data-element_type=\"container\">\n\t\t<div class=\"elementor-element elementor-element-233e74c e-con-full e-flex e-con e-child\" data-id=\"233e74c\" data-element_type=\"container\">\n\t\t\t\t<div class=\"elementor-element elementor-element-d6978df elementor-widget elementor-widget-heading\" data-id=\"d6978df\" data-element_type=\"widget\" data-widget_type=\"heading.default\">\n\t\t\t\t<div class=\"elementor-widget-container\">\n\t\t\t\t\t<h2 class=\"elementor-heading-title elementor-size-default\"><b>DATES<\/b><\/h2>\t\t\t\t<\/div>\n\t\t\t\t<\/div>\n\t\t\t\t<div class=\"elementor-element elementor-element-20215e5 elementor-widget elementor-widget-heading\" data-id=\"20215e5\" data-element_type=\"widget\" data-widget_type=\"heading.default\">\n\t\t\t\t<div class=\"elementor-widget-container\">\n\t\t\t\t\t<h3 class=\"elementor-heading-title elementor-size-default\">27 au 29 octobre<br>\nPalais des Congr\u00e8s  <br>\nYaound\u00e9 Cameroun<\/h3>\t\t\t\t<\/div>\n\t\t\t\t<\/div>\n\t\t\t\t<\/div>\n\t\t<div class=\"elementor-element elementor-element-51f6e34 e-con-full e-flex e-con e-child\" data-id=\"51f6e34\" data-element_type=\"container\">\n\t\t\t\t<div class=\"elementor-element elementor-element-65b106e elementor-widget elementor-widget-heading\" data-id=\"65b106e\" data-element_type=\"widget\" data-widget_type=\"heading.default\">\n\t\t\t\t<div class=\"elementor-widget-container\">\n\t\t\t\t\t<h2 class=\"elementor-heading-title elementor-size-default\"><b>INFORMATION<\/b><\/h2>\t\t\t\t<\/div>\n\t\t\t\t<\/div>\n\t\t<div class=\"elementor-element elementor-element-5c3d987 e-con-full e-flex e-con e-child\" data-id=\"5c3d987\" data-element_type=\"container\">\n\t\t\t\t<div class=\"elementor-element elementor-element-7fe7a6a elementor-widget elementor-widget-heading\" data-id=\"7fe7a6a\" data-element_type=\"widget\" data-widget_type=\"heading.default\">\n\t\t\t\t<div class=\"elementor-widget-container\">\n\t\t\t\t\t<h3 class=\"elementor-heading-title elementor-size-default\"><a href=\"https:\/\/solarconnectafrica.com\/staging\/pass-visiteur-gratuit\/\" https=\"\"><u>Badge visiteur gratuit<\/u><\/a><\/h3>\t\t\t\t<\/div>\n\t\t\t\t<\/div>\n\t\t\t\t<div class=\"elementor-element elementor-element-e415fa3 elementor-widget elementor-widget-heading\" data-id=\"e415fa3\" data-element_type=\"widget\" data-widget_type=\"heading.default\">\n\t\t\t\t<div class=\"elementor-widget-container\">\n\t\t\t\t\t<h3 class=\"elementor-heading-title elementor-size-default\"><a href=\"https:\/\/solarconnectafrica.com\/staging\/reserver-un-stand\/\"><u>R\u00e9servez un stand<\/u><\/a><\/h3>\t\t\t\t<\/div>\n\t\t\t\t<\/div>\n\t\t\t\t<div class=\"elementor-element elementor-element-cc57ed2 elementor-widget elementor-widget-heading\" data-id=\"cc57ed2\" data-element_type=\"widget\" data-widget_type=\"heading.default\">\n\t\t\t\t<div class=\"elementor-widget-container\">\n\t\t\t\t\t<h3 class=\"elementor-heading-title elementor-size-default\"><a href=\"https:\/\/solarconnectafrica.com\/staging\/devenir-un-partenaire\/\"><u>Devenez un Partenaire<\/u><\/a><\/h3>\t\t\t\t<\/div>\n\t\t\t\t<\/div>\n\t\t\t\t<div class=\"elementor-element elementor-element-4a96699 elementor-widget elementor-widget-heading\" data-id=\"4a96699\" data-element_type=\"widget\" data-widget_type=\"heading.default\">\n\t\t\t\t<div class=\"elementor-widget-container\">\n\t\t\t\t\t<h3 class=\"elementor-heading-title elementor-size-default\"><a href=\"https:\/\/solarconnectafrica.com\/staging\/about-the-event-2\/\" https=\"\"><u>\u00c0 Propos<\/u><\/a><\/h3>\t\t\t\t<\/div>\n\t\t\t\t<\/div>\n\t\t\t\t<div class=\"elementor-element elementor-element-5633852 elementor-widget elementor-widget-heading\" data-id=\"5633852\" data-element_type=\"widget\" data-widget_type=\"heading.default\">\n\t\t\t\t<div class=\"elementor-widget-container\">\n\t\t\t\t\t<h3 class=\"elementor-heading-title elementor-size-default\"><a href=\"https:\/\/solarconnectafrica.com\/staging\/pays-daccueil&#038;\/\"><u>Pays d'accueil<\/u><\/a><\/h3>\t\t\t\t<\/div>\n\t\t\t\t<\/div>\n\t\t\t\t<div class=\"elementor-element elementor-element-fc20085 elementor-widget elementor-widget-heading\" data-id=\"fc20085\" data-element_type=\"widget\" data-widget_type=\"heading.default\">\n\t\t\t\t<div class=\"elementor-widget-container\">\n\t\t\t\t\t<h3 class=\"elementor-heading-title elementor-size-default\"><a href=\"https:\/\/solarconnectafrica.com\/staging\/fr\/voyage-et-hebergement\/\"><u>Voyage et h\u00e9bergement<\/u><\/a><\/h3>\t\t\t\t<\/div>\n\t\t\t\t<\/div>\n\t\t\t\t<div class=\"elementor-element elementor-element-0d282dd elementor-widget elementor-widget-heading\" data-id=\"0d282dd\" data-element_type=\"widget\" data-widget_type=\"heading.default\">\n\t\t\t\t<div class=\"elementor-widget-container\">\n\t\t\t\t\t<h3 class=\"elementor-heading-title elementor-size-default\"><a href=\"https:\/\/solarconnectafrica.com\/staging\/fr\/galerie\/\"><u>Galerie<\/u><\/a><\/h3>\t\t\t\t<\/div>\n\t\t\t\t<\/div>\n\t\t\t\t<div class=\"elementor-element elementor-element-c1a2ff9 elementor-widget elementor-widget-heading\" data-id=\"c1a2ff9\" data-element_type=\"widget\" data-widget_type=\"heading.default\">\n\t\t\t\t<div class=\"elementor-widget-container\">\n\t\t\t\t\t<h3 class=\"elementor-heading-title elementor-size-default\"><a href=\"https:\/\/solarconnectafrica.com\/staging\/fr\/presse-media\/\"><u>Presse &amp; Media<\/u><\/a><\/h3>\t\t\t\t<\/div>\n\t\t\t\t<\/div>\n\t\t\t\t<div class=\"elementor-element elementor-element-cdd9098 elementor-widget elementor-widget-heading\" data-id=\"cdd9098\" data-element_type=\"widget\" data-widget_type=\"heading.default\">\n\t\t\t\t<div class=\"elementor-widget-container\">\n\t\t\t\t\t<h3 class=\"elementor-heading-title elementor-size-default\"><a href=\"https:\/\/solarconnectafrica.com\/staging\/fr\/politique-de-confidentialite\/\"><u>Politique de confidentialit\u00e9<\/u><\/a><\/h3>\t\t\t\t<\/div>\n\t\t\t\t<\/div>\n\t\t\t\t<div class=\"elementor-element elementor-element-359bfcb elementor-widget elementor-widget-heading\" data-id=\"359bfcb\" data-element_type=\"widget\" data-widget_type=\"heading.default\">\n\t\t\t\t<div class=\"elementor-widget-container\">\n\t\t\t\t\t<h3 class=\"elementor-heading-title elementor-size-default\"><a href=\"https:\/\/solarconnectafrica.com\/staging\/fr\/conditions-generales\/\"><u>Termes et conditions<\/u><\/a><\/h3>\t\t\t\t<\/div>\n\t\t\t\t<\/div>\n\t\t\t\t<\/div>\n\t\t\t\t<\/div>\n\t\t<div class=\"elementor-element elementor-element-a7cd3b5 e-con-full e-flex e-con e-child\" data-id=\"a7cd3b5\" data-element_type=\"container\">\n\t\t\t\t<div class=\"elementor-element elementor-element-4d06ea1 elementor-widget elementor-widget-heading\" data-id=\"4d06ea1\" data-element_type=\"widget\" data-widget_type=\"heading.default\">\n\t\t\t\t<div class=\"elementor-widget-container\">\n\t\t\t\t\t<h2 class=\"elementor-heading-title elementor-size-default\"><b>CONTACT<\/b><\/h2>\t\t\t\t<\/div>\n\t\t\t\t<\/div>\n\t\t\t\t<div class=\"elementor-element elementor-element-81d4194 elementor-widget elementor-widget-heading\" data-id=\"81d4194\" data-element_type=\"widget\" data-widget_type=\"heading.default\">\n\t\t\t\t<div class=\"elementor-widget-container\">\n\t\t\t\t\t<h3 class=\"elementor-heading-title elementor-size-default\">contact@solarconnectafrica.com<br>\n+237 652 06 51 00<br>\n+237 691 31 26 79<\/h3>\t\t\t\t<\/div>\n\t\t\t\t<\/div>\n\t\t\t\t<\/div>\n\t\t\t\t<\/div>\n\t\t\t\t\t<\/div>\n\t\t\t\t<\/div>\n\t\t<div class=\"elementor-element elementor-element-ae47492 e-flex e-con-boxed e-con e-parent\" data-id=\"ae47492\" data-element_type=\"container\" data-settings=\"{&quot;background_background&quot;:&quot;classic&quot;}\">\n\t\t\t\t\t<div class=\"e-con-inner\">\n\t\t\t\t\t<\/div>\n\t\t\t\t<\/div>\n\t\t\t\t<\/div>\n\t\t","protected":false},"excerpt":{"rendered":"<p>Associez-vous \u00e0 Solar Connect Africa pour stimuler la croissance de votre entreprise, contribuer au d\u00e9veloppement durable et exploiter l\u2019un des march\u00e9s de l\u2019\u00e9nergie solaire et du stockage les plus prometteurs au monde. Nous reconnaissons l&#8217;unicit\u00e9 de chaque entreprise et sommes pr\u00eats \u00e0 collaborer avec vous pour d\u00e9velopper un partenariat sur mesure, align\u00e9 sur vos objectifs [&hellip;]<\/p>\n","protected":false},"author":1,"featured_media":0,"parent":0,"menu_order":0,"comment_status":"closed","ping_status":"closed","template":"","meta":{"site-sidebar-layout":"no-sidebar","site-content-layout":"page-builder","ast-site-content-layout":"full-width-container","site-content-style":"default","site-sidebar-style":"default","ast-global-header-display":"","ast-banner-title-visibility":"","ast-main-header-display":"","ast-hfb-above-header-display":"","ast-hfb-below-header-display":"","ast-hfb-mobile-header-display":"","site-post-title":"disabled","ast-breadcrumbs-content":"","ast-featured-img":"disabled","footer-sml-layout":"","theme-transparent-header-meta":"","adv-header-id-meta":"","stick-header-meta":"","header-above-stick-meta":"","header-main-stick-meta":"","header-below-stick-meta":"","astra-migrate-meta-layouts":"set","ast-page-background-enabled":"default","ast-page-background-meta":{"desktop":{"background-color":"var(--ast-global-color-4)","background-image":"","background-repeat":"repeat","background-position":"center center","background-size":"auto","background-attachment":"scroll","background-type":"","background-media":"","overlay-type":"","overlay-color":"","overlay-opacity":"","overlay-gradient":""},"tablet":{"background-color":"","background-image":"","background-repeat":"repeat","background-position":"center center","background-size":"auto","background-attachment":"scroll","background-type":"","background-media":"","overlay-type":"","overlay-color":"","overlay-opacity":"","overlay-gradient":""},"mobile":{"background-color":"","background-image":"","background-repeat":"repeat","background-position":"center center","background-size":"auto","background-attachment":"scroll","background-type":"","background-media":"","overlay-type":"","overlay-color":"","overlay-opacity":"","overlay-gradient":""}},"ast-content-background-meta":{"desktop":{"background-color":"var(--ast-global-color-5)","background-image":"","background-repeat":"repeat","background-position":"center center","background-size":"auto","background-attachment":"scroll","background-type":"","background-media":"","overlay-type":"","overlay-color":"","overlay-opacity":"","overlay-gradient":""},"tablet":{"background-color":"var(--ast-global-color-5)","background-image":"","background-repeat":"repeat","background-position":"center center","background-size":"auto","background-attachment":"scroll","background-type":"","background-media":"","overlay-type":"","overlay-color":"","overlay-opacity":"","overlay-gradient":""},"mobile":{"background-color":"var(--ast-global-color-5)","background-image":"","background-repeat":"repeat","background-position":"center center","background-size":"auto","background-attachment":"scroll","background-type":"","background-media":"","overlay-type":"","overlay-color":"","overlay-opacity":"","overlay-gradient":""}},"footnotes":""},"class_list":["post-2179","page","type-page","status-publish","hentry"],"_links":{"self":[{"href":"https:\/\/solarconnectafrica.com\/staging\/wp-json\/wp\/v2\/pages\/2179","targetHints":{"allow":["GET"]}}],"collection":[{"href":"https:\/\/solarconnectafrica.com\/staging\/wp-json\/wp\/v2\/pages"}],"about":[{"href":"https:\/\/solarconnectafrica.com\/staging\/wp-json\/wp\/v2\/types\/page"}],"author":[{"embeddable":true,"href":"https:\/\/solarconnectafrica.com\/staging\/wp-json\/wp\/v2\/users\/1"}],"replies":[{"embeddable":true,"href":"https:\/\/solarconnectafrica.com\/staging\/wp-json\/wp\/v2\/comments?post=2179"}],"version-history":[{"count":43,"href":"https:\/\/solarconnectafrica.com\/staging\/wp-json\/wp\/v2\/pages\/2179\/revisions"}],"predecessor-version":[{"id":4711,"href":"https:\/\/solarconnectafrica.com\/staging\/wp-json\/wp\/v2\/pages\/2179\/revisions\/4711"}],"wp:attachment":[{"href":"https:\/\/solarconnectafrica.com\/staging\/wp-json\/wp\/v2\/media?parent=2179"}],"curies":[{"name":"wp","href":"https:\/\/api.w.org\/{rel}","templated":true}]}}