{"id":3516,"date":"2025-02-15T06:33:47","date_gmt":"2025-02-15T06:33:47","guid":{"rendered":"https:\/\/solarconnectafrica.com\/staging\/?page_id=3516"},"modified":"2025-05-02T18:25:22","modified_gmt":"2025-05-02T18:25:22","slug":"conditions-generales","status":"publish","type":"page","link":"https:\/\/solarconnectafrica.com\/staging\/fr\/conditions-generales\/","title":{"rendered":"Conditions g\u00e9n\u00e9rales"},"content":{"rendered":"\t\t<div data-elementor-type=\"wp-page\" data-elementor-id=\"3516\" class=\"elementor elementor-3516\">\n\t\t\t\t<div class=\"elementor-element elementor-element-4de8502 e-flex e-con-boxed e-con e-parent\" data-id=\"4de8502\" data-element_type=\"container\">\n\t\t\t\t\t<div class=\"e-con-inner\">\n\t\t\t\t<div class=\"elementor-element elementor-element-51ee5e4 elementor-widget elementor-widget-text-editor\" data-id=\"51ee5e4\" data-element_type=\"widget\" data-widget_type=\"text-editor.default\">\n\t\t\t\t<div class=\"elementor-widget-container\">\n\t\t\t\t\t\t\t\t\t<p><span lang=\"EN-US\" xml:lang=\"EN-US\" data-contrast=\"auto\">Ces conditions garantissent un salon \u00e9quitable, s\u00fbr et r\u00e9ussi pour tous les participants. Tout litige ou r\u00e9clamation doit \u00eatre soumis par \u00e9crit.<\/span><\/p><hr \/><h2><strong>1. D\u00e9finitions<\/strong><\/h2><ul><li><strong>Organisateur:<\/strong> OL POWER TECH SARL.<\/li><li><strong>Exposant:<\/strong>\u00a0L&#8217;entreprise signataire de cet accord, y compris ses employ\u00e9s ou agents.<\/li><li><strong>Exposition:<\/strong>\u00a0L&#8217;\u00e9v\u00e9nement sp\u00e9cifi\u00e9 dans cet accord.<\/li><li><strong>Espace:<\/strong>L&#8217;espace attribu\u00e9 \u00e0 l&#8217;Exposant par l&#8217;Organisateur sur le salon.<\/li><li><strong>Lieu:<\/strong>Le lieu o\u00f9 se d\u00e9roule l&#8217;exposition.<\/li><\/ul><hr \/><h2><strong>2. Accord de Base<\/strong><\/h2><ul><li>L&#8217;Organisateur accorde \u00e0 l&#8217;Exposant le droit d&#8217;utiliser l&#8217;Espace pendant la dur\u00e9e de l&#8217;exposition.<\/li><li>L&#8217;Exposant accepte l&#8217;\u00e9tat de l&#8217;Espace au d\u00e9but de l&#8217;Exposition et l&#8217;accepte tel quel.<\/li><li>L&#8217;attribution des Espaces n\u00e9cessite la signature de l&#8217;Exposant et devient contraignante d\u00e8s son acceptation par l&#8217;Organisateur.<\/li><li>Les paiements doivent \u00eatre effectu\u00e9s dans les d\u00e9lais impartis, et tout montant impay\u00e9 entra\u00eenera des int\u00e9r\u00eats.<\/li><li>Le non-respect des conditions de paiement ou d&#8217;autres conditions peut entra\u00eener l&#8217;annulation.<\/li><\/ul><hr \/><h2><strong>3. Conditions\u00a0<\/strong><span style=\"text-align: var(--text-align); background-color: var(--ast-global-color-4);\"><b>de paiement<\/b><\/span><\/h2><ul><li>Les litiges doivent \u00eatre signal\u00e9s dans les 3 jours suivant la r\u00e9ception d&#8217;une facture.<\/li><li>Le paiement est d\u00fb dans les 30 jours suivant la date de la facture.<\/li><li>Les montants impay\u00e9s peuvent entra\u00eener des frais de recouvrement, y compris des frais juridiques.<\/li><\/ul><hr \/><h2><strong>4. Rupture de contrat<\/strong><\/h2><ul><li>Les violations doivent \u00eatre r\u00e9solues dans des d\u00e9lais pr\u00e9cis, en fonction du moment o\u00f9 elles surviennent par rapport \u00e0 l&#8217;Exposition.<\/li><li>La partie l\u00e9s\u00e9e peut demander r\u00e9paration par l\u2019annulation ou l\u2019ex\u00e9cution sp\u00e9cifique.<\/li><\/ul><hr \/><h2><strong>5. Utilisation de l&#8217;Espace<\/strong><\/h2><ul><li>L&#8217;Exposant doit suivre les directives de l&#8217;Organisateur et ne doit pas g\u00eaner les autres expositions.<\/li><li>Les Espaces personnalis\u00e9s non approuv\u00e9s et les comportements perturbateurs peuvent entra\u00eener la suppression.<\/li><li>Les activit\u00e9s promotionnelles sont limit\u00e9es \u00e0 l&#8217;Espace attribu\u00e9.<\/li><\/ul><hr \/><h2><strong>6. Int\u00e9grit\u00e9 du produit<\/strong><\/h2><ul><li>Les Exposants doivent pr\u00e9senter uniquement des produits originaux ou autoris\u00e9s.<\/li><li>L&#8217;Organisateur n&#8217;est pas responsable de toute perte ou dommage caus\u00e9 \u00e0 l&#8217;Exposition..<\/li><\/ul><hr \/><h2><strong>7. <\/strong><span style=\"text-align: var(--text-align); background-color: var(--ast-global-color-4);\"><b>Assurance et responsabilit\u00e9<\/b><\/span><\/h2><ul><li>Les Exposants doivent avoir leur propre assurance pour le personnel, les biens et les pr\u00e9sentoirs.<\/li><li>L&#8217;Organisateur d\u00e9cline toute responsabilit\u00e9 pour toute perte ou dommage d&#8217;une exposition.<\/li><\/ul><hr \/><h2><strong>8. Indemnit\u00e9<\/strong><\/h2><ul><li>L&#8217;Exposant d\u00e9gage l&#8217;Organisateur de toute responsabilit\u00e9 en cas de r\u00e9clamations ou de pertes r\u00e9sultant des activit\u00e9s de l&#8217;Exposition.<\/li><\/ul><hr \/>\t\t\t\t\t\t\t\t<\/div>\n\t\t\t\t<\/div>\n\t\t\t\t\t<\/div>\n\t\t\t\t<\/div>\n\t\t\t\t<\/div>\n\t\t","protected":false},"excerpt":{"rendered":"<p>Ces conditions garantissent un salon \u00e9quitable, s\u00fbr et r\u00e9ussi pour tous les participants. Tout litige ou r\u00e9clamation doit \u00eatre soumis par \u00e9crit. 1. D\u00e9finitions Organisateur: OL POWER TECH SARL. Exposant:\u00a0L&#8217;entreprise signataire de cet accord, y compris ses employ\u00e9s ou agents. Exposition:\u00a0L&#8217;\u00e9v\u00e9nement sp\u00e9cifi\u00e9 dans cet accord. Espace:L&#8217;espace attribu\u00e9 \u00e0 l&#8217;Exposant par l&#8217;Organisateur sur le salon. Lieu:Le [&hellip;]<\/p>\n","protected":false},"author":1,"featured_media":0,"parent":0,"menu_order":0,"comment_status":"closed","ping_status":"open","template":"","meta":{"site-sidebar-layout":"default","site-content-layout":"","ast-site-content-layout":"default","site-content-style":"default","site-sidebar-style":"default","ast-global-header-display":"","ast-banner-title-visibility":"","ast-main-header-display":"","ast-hfb-above-header-display":"","ast-hfb-below-header-display":"","ast-hfb-mobile-header-display":"","site-post-title":"","ast-breadcrumbs-content":"","ast-featured-img":"","footer-sml-layout":"","theme-transparent-header-meta":"","adv-header-id-meta":"","stick-header-meta":"","header-above-stick-meta":"","header-main-stick-meta":"","header-below-stick-meta":"","astra-migrate-meta-layouts":"set","ast-page-background-enabled":"default","ast-page-background-meta":{"desktop":{"background-color":"var(--ast-global-color-4)","background-image":"","background-repeat":"repeat","background-position":"center center","background-size":"auto","background-attachment":"scroll","background-type":"","background-media":"","overlay-type":"","overlay-color":"","overlay-opacity":"","overlay-gradient":""},"tablet":{"background-color":"","background-image":"","background-repeat":"repeat","background-position":"center center","background-size":"auto","background-attachment":"scroll","background-type":"","background-media":"","overlay-type":"","overlay-color":"","overlay-opacity":"","overlay-gradient":""},"mobile":{"background-color":"","background-image":"","background-repeat":"repeat","background-position":"center center","background-size":"auto","background-attachment":"scroll","background-type":"","background-media":"","overlay-type":"","overlay-color":"","overlay-opacity":"","overlay-gradient":""}},"ast-content-background-meta":{"desktop":{"background-color":"var(--ast-global-color-5)","background-image":"","background-repeat":"repeat","background-position":"center center","background-size":"auto","background-attachment":"scroll","background-type":"","background-media":"","overlay-type":"","overlay-color":"","overlay-opacity":"","overlay-gradient":""},"tablet":{"background-color":"var(--ast-global-color-5)","background-image":"","background-repeat":"repeat","background-position":"center center","background-size":"auto","background-attachment":"scroll","background-type":"","background-media":"","overlay-type":"","overlay-color":"","overlay-opacity":"","overlay-gradient":""},"mobile":{"background-color":"var(--ast-global-color-5)","background-image":"","background-repeat":"repeat","background-position":"center center","background-size":"auto","background-attachment":"scroll","background-type":"","background-media":"","overlay-type":"","overlay-color":"","overlay-opacity":"","overlay-gradient":""}},"footnotes":""},"class_list":["post-3516","page","type-page","status-publish","hentry"],"_links":{"self":[{"href":"https:\/\/solarconnectafrica.com\/staging\/wp-json\/wp\/v2\/pages\/3516","targetHints":{"allow":["GET"]}}],"collection":[{"href":"https:\/\/solarconnectafrica.com\/staging\/wp-json\/wp\/v2\/pages"}],"about":[{"href":"https:\/\/solarconnectafrica.com\/staging\/wp-json\/wp\/v2\/types\/page"}],"author":[{"embeddable":true,"href":"https:\/\/solarconnectafrica.com\/staging\/wp-json\/wp\/v2\/users\/1"}],"replies":[{"embeddable":true,"href":"https:\/\/solarconnectafrica.com\/staging\/wp-json\/wp\/v2\/comments?post=3516"}],"version-history":[{"count":35,"href":"https:\/\/solarconnectafrica.com\/staging\/wp-json\/wp\/v2\/pages\/3516\/revisions"}],"predecessor-version":[{"id":4124,"href":"https:\/\/solarconnectafrica.com\/staging\/wp-json\/wp\/v2\/pages\/3516\/revisions\/4124"}],"wp:attachment":[{"href":"https:\/\/solarconnectafrica.com\/staging\/wp-json\/wp\/v2\/media?parent=3516"}],"curies":[{"name":"wp","href":"https:\/\/api.w.org\/{rel}","templated":true}]}}